{"id":2,"date":"2010-12-11T19:39:14","date_gmt":"2010-12-11T19:39:14","guid":{"rendered":""},"modified":"2019-05-12T01:52:51","modified_gmt":"2019-05-12T01:52:51","slug":"kontakt","status":"publish","type":"page","link":"https:\/\/www.laszlo-photo.com\/photography\/kontakt\/","title":{"rendered":"Kontakt"},"content":{"rendered":"\n<blockquote class=\"wp-block-quote is-layout-flow wp-block-quote-is-layout-flow\"><p>&#8222;Durch&#8217;s Reden kommen die Leute z&#8217;samm&#8220;<\/p><\/blockquote>\n\n\n\n<p>Ich komme gerne mit Leuten zusammen, denn das schafft neue Perspektiven und er\u00f6ffnet neue Einsichten. Und manchmal machen wir dann auch gemeinsam ein paar Fotos :-)<\/p>\n\n\n\n<hr class=\"wp-block-separator is-style-wide\"\/>\n\n\n\n<h3 class=\"wp-block-heading\">Schick mir eine Nachricht, wenn Du Interesse an meinen Fotos hast: <\/h3>\n\n\n\n<div class=\"wp-block-columns has-2-columns is-layout-flex wp-container-core-columns-is-layout-9d6595d7 wp-block-columns-is-layout-flex\">\n<div class=\"wp-block-column is-layout-flow wp-block-column-is-layout-flow\"><div class=\"wpforms-container wpforms-container-full\" id=\"wpforms-15590\"><form id=\"wpforms-form-15590\" class=\"wpforms-validate wpforms-form\" data-formid=\"15590\" method=\"post\" enctype=\"multipart\/form-data\" action=\"\/photography\/wp-json\/wp\/v2\/pages\/2\" data-token=\"c8651d850c0583687f26b5dd69347964\" data-token-time=\"1778499794\"><noscript class=\"wpforms-error-noscript\">Bitte aktiviere JavaScript in deinem Browser, um dieses Formular fertigzustellen.<\/noscript><div class=\"wpforms-field-container\"><div id=\"wpforms-15590-field_0-container\" class=\"wpforms-field wpforms-field-name\" data-field-id=\"0\"><label class=\"wpforms-field-label wpforms-label-hide\" for=\"wpforms-15590-field_0\">Name <span class=\"wpforms-required-label\">*<\/span><\/label><input type=\"text\" id=\"wpforms-15590-field_0\" class=\"wpforms-field-medium wpforms-field-required\" name=\"wpforms[fields][0]\" placeholder=\"Dein Name\" required><\/div><div id=\"wpforms-15590-field_1-container\" class=\"wpforms-field wpforms-field-email\" data-field-id=\"1\"><label class=\"wpforms-field-label wpforms-label-hide\" for=\"wpforms-15590-field_1\">E-mail <span class=\"wpforms-required-label\">*<\/span><\/label><input type=\"email\" id=\"wpforms-15590-field_1\" class=\"wpforms-field-medium wpforms-field-required\" name=\"wpforms[fields][1]\" placeholder=\"Deine E-Mail-Adresse\" spellcheck=\"false\" required><\/div><div id=\"wpforms-15590-field_2-container\" class=\"wpforms-field wpforms-field-textarea\" data-field-id=\"2\"><label class=\"wpforms-field-label wpforms-label-hide\" for=\"wpforms-15590-field_2\">Comment or Message <span class=\"wpforms-required-label\">*<\/span><\/label><textarea id=\"wpforms-15590-field_2\" class=\"wpforms-field-medium wpforms-field-required\" name=\"wpforms[fields][2]\" placeholder=\"Deine Nachricht\" required><\/textarea><\/div><\/div><!-- .wpforms-field-container --><div class=\"wpforms-field wpforms-field-hp\"><label for=\"wpforms-15590-field-hp\" class=\"wpforms-field-label\">Email<\/label><input type=\"text\" name=\"wpforms[hp]\" id=\"wpforms-15590-field-hp\" class=\"wpforms-field-medium\"><\/div><div class=\"wpforms-submit-container\" ><input type=\"hidden\" name=\"wpforms[id]\" value=\"15590\"><input type=\"hidden\" name=\"page_title\" value=\"\"><input type=\"hidden\" name=\"page_url\" value=\"https:\/\/www.laszlo-photo.com\/photography\/wp-json\/wp\/v2\/pages\/2\"><input type=\"hidden\" name=\"url_referer\" value=\"\"><button type=\"submit\" name=\"wpforms[submit]\" id=\"wpforms-submit-15590\" class=\"wpforms-submit\" aria-live=\"assertive\" value=\"wpforms-submit\">Absenden<\/button><\/div><\/form><\/div>  <!-- .wpforms-container -->\n\n\n\n<p class=\"has-small-font-size\">Eine Kopie dieser Nachricht wird automatisch an Deine E-mail-Adresse versandt. <\/p>\n<\/div>\n\n\n\n<div class=\"wp-block-column is-layout-flow wp-block-column-is-layout-flow\">\n<ul class=\"wp-block-list\"><li>Du kannst mir auch ein E-Mail senden, an: lk (at) laszlo-photo.com<\/li><li>Oder Briefpost schicken: L\u00e1szl\u00f3 K\u00f6szeghy,\u00a01220 Vienna, Austria, Th. Kramerstr. 7-9<\/li><li>Meine\u00a0Internet-Adresse kennst Du ja: http:\/\/www.laszlo-photo.com<\/li><li>Achja, und die Steuernummer, die muss hier angeblich stehen: UID: ATU59774266  <\/li><li>Meine Telefonnummer schreib ich hier nicht hin. In diesem Punkt bin ich altmodisch.<\/li><\/ul>\n<\/div>\n<\/div>\n\n\n\n<hr class=\"wp-block-separator is-style-wide\"\/>\n\n\n\n<h2 class=\"wp-block-heading\">Hier wohnt meine Dunkelkammer.<\/h2>\n\n\n\n<p>Meistens fahre ich von hier aus los, mache Bilder und fahre wieder hierher zur\u00fcck um mit den Bilder etwas zu machen.<\/p>\n\n\n\n\n\n<p>Achja, und dank DSGVO habe ich jetzt auch eine sch\u00f6ne <a href=\"https:\/\/www.laszlo-photo.com\/photography\/datenschutzerklaerung\/\">Datenschutzerkl\u00e4rung <\/a>f\u00fcr Dich.<\/p>\n","protected":false},"excerpt":{"rendered":"<p>&#8222;Durch&#8217;s Reden kommen die Leute z&#8217;samm&#8220; Ich komme gerne mit Leuten zusammen, denn das schafft neue Perspektiven und er\u00f6ffnet neue Einsichten. Und manchmal machen wir dann auch gemeinsam ein paar Fotos :-) Schick mir eine Nachricht, wenn Du Interesse an meinen Fotos hast: Eine Kopie dieser Nachricht wird automatisch an Deine E-mail-Adresse versandt. Du kannst [&hellip;]<\/p>\n","protected":false},"author":2,"featured_media":17513,"parent":0,"menu_order":0,"comment_status":"closed","ping_status":"closed","template":"","meta":{"footnotes":""},"class_list":["post-2","page","type-page","status-publish","has-post-thumbnail","hentry"],"yoast_head":"<!-- This site is optimized with the Yoast SEO plugin v27.5 - https:\/\/yoast.com\/product\/yoast-seo-wordpress\/ -->\n<title>Kontakt - L\u00e1szl\u00f3 K\u00f6szeghy - Photographer - Vienna<\/title>\n<meta name=\"description\" content=\"Kontakt zu Laszlo K\u00f6szeghy aufnehmen. Fotografie, Wien.\" \/>\n<meta name=\"robots\" content=\"index, follow, max-snippet:-1, max-image-preview:large, max-video-preview:-1\" \/>\n<link rel=\"canonical\" href=\"https:\/\/www.laszlo-photo.com\/photography\/kontakt\/\" \/>\n<meta property=\"og:locale\" content=\"de_DE\" \/>\n<meta property=\"og:type\" content=\"article\" \/>\n<meta property=\"og:title\" content=\"Kontakt - L\u00e1szl\u00f3 K\u00f6szeghy - Photographer - Vienna\" \/>\n<meta property=\"og:description\" content=\"Kontakt zu Laszlo K\u00f6szeghy aufnehmen. Fotografie, Wien.\" \/>\n<meta property=\"og:url\" content=\"https:\/\/www.laszlo-photo.com\/photography\/kontakt\/\" \/>\n<meta property=\"og:site_name\" content=\"L\u00e1szl\u00f3 K\u00f6szeghy - Photographer - Vienna\" \/>\n<meta property=\"article:modified_time\" content=\"2019-05-12T01:52:51+00:00\" \/>\n<meta property=\"og:image\" content=\"https:\/\/www.laszlo-photo.com\/photography\/wp-content\/uploads\/2019\/05\/unsplash-contact-e1557623978870.jpg\" \/>\n\t<meta property=\"og:image:width\" content=\"1350\" \/>\n\t<meta property=\"og:image:height\" content=\"675\" \/>\n\t<meta property=\"og:image:type\" content=\"image\/jpeg\" \/>\n<meta name=\"twitter:card\" content=\"summary_large_image\" \/>\n<meta name=\"twitter:site\" content=\"@Laszlo__Photo\" \/>\n<meta name=\"twitter:label1\" content=\"Gesch\u00e4tzte Lesezeit\" \/>\n\t<meta name=\"twitter:data1\" content=\"1\u00a0Minute\" \/>\n<script type=\"application\/ld+json\" class=\"yoast-schema-graph\">{\"@context\":\"https:\\\/\\\/schema.org\",\"@graph\":[{\"@type\":\"WebPage\",\"@id\":\"https:\\\/\\\/www.laszlo-photo.com\\\/photography\\\/kontakt\\\/\",\"url\":\"https:\\\/\\\/www.laszlo-photo.com\\\/photography\\\/kontakt\\\/\",\"name\":\"Kontakt - L\u00e1szl\u00f3 K\u00f6szeghy - Photographer - Vienna\",\"isPartOf\":{\"@id\":\"https:\\\/\\\/www.laszlo-photo.com\\\/photography\\\/#website\"},\"primaryImageOfPage\":{\"@id\":\"https:\\\/\\\/www.laszlo-photo.com\\\/photography\\\/kontakt\\\/#primaryimage\"},\"image\":{\"@id\":\"https:\\\/\\\/www.laszlo-photo.com\\\/photography\\\/kontakt\\\/#primaryimage\"},\"thumbnailUrl\":\"https:\\\/\\\/www.laszlo-photo.com\\\/photography\\\/wp-content\\\/uploads\\\/2019\\\/05\\\/unsplash-contact-e1557623978870.jpg\",\"datePublished\":\"2010-12-11T19:39:14+00:00\",\"dateModified\":\"2019-05-12T01:52:51+00:00\",\"description\":\"Kontakt zu Laszlo K\u00f6szeghy aufnehmen. Fotografie, Wien.\",\"inLanguage\":\"de\",\"potentialAction\":[{\"@type\":\"ReadAction\",\"target\":[\"https:\\\/\\\/www.laszlo-photo.com\\\/photography\\\/kontakt\\\/\"]}]},{\"@type\":\"ImageObject\",\"inLanguage\":\"de\",\"@id\":\"https:\\\/\\\/www.laszlo-photo.com\\\/photography\\\/kontakt\\\/#primaryimage\",\"url\":\"https:\\\/\\\/www.laszlo-photo.com\\\/photography\\\/wp-content\\\/uploads\\\/2019\\\/05\\\/unsplash-contact-e1557623978870.jpg\",\"contentUrl\":\"https:\\\/\\\/www.laszlo-photo.com\\\/photography\\\/wp-content\\\/uploads\\\/2019\\\/05\\\/unsplash-contact-e1557623978870.jpg\",\"width\":1350,\"height\":675},{\"@type\":\"WebSite\",\"@id\":\"https:\\\/\\\/www.laszlo-photo.com\\\/photography\\\/#website\",\"url\":\"https:\\\/\\\/www.laszlo-photo.com\\\/photography\\\/\",\"name\":\"L\u00e1szl\u00f3 K\u00f6szeghy - Photographer - Vienna\",\"description\":\"People - Wedding - Travel - Events - Sports\",\"publisher\":{\"@id\":\"https:\\\/\\\/www.laszlo-photo.com\\\/photography\\\/#organization\"},\"potentialAction\":[{\"@type\":\"SearchAction\",\"target\":{\"@type\":\"EntryPoint\",\"urlTemplate\":\"https:\\\/\\\/www.laszlo-photo.com\\\/photography\\\/?s={search_term_string}\"},\"query-input\":{\"@type\":\"PropertyValueSpecification\",\"valueRequired\":true,\"valueName\":\"search_term_string\"}}],\"inLanguage\":\"de\"},{\"@type\":\"Organization\",\"@id\":\"https:\\\/\\\/www.laszlo-photo.com\\\/photography\\\/#organization\",\"name\":\"L\u00e1szl\u00f3 K\u00f6szeghy - Photographer - Vienna\",\"url\":\"https:\\\/\\\/www.laszlo-photo.com\\\/photography\\\/\",\"logo\":{\"@type\":\"ImageObject\",\"inLanguage\":\"de\",\"@id\":\"https:\\\/\\\/www.laszlo-photo.com\\\/photography\\\/#\\\/schema\\\/logo\\\/image\\\/\",\"url\":\"https:\\\/\\\/www.laszlo-photo.com\\\/photography\\\/wp-content\\\/uploads\\\/2019\\\/04\\\/LK_Logo2014_transp_680x180.png\",\"contentUrl\":\"https:\\\/\\\/www.laszlo-photo.com\\\/photography\\\/wp-content\\\/uploads\\\/2019\\\/04\\\/LK_Logo2014_transp_680x180.png\",\"width\":680,\"height\":180,\"caption\":\"L\u00e1szl\u00f3 K\u00f6szeghy - Photographer - Vienna\"},\"image\":{\"@id\":\"https:\\\/\\\/www.laszlo-photo.com\\\/photography\\\/#\\\/schema\\\/logo\\\/image\\\/\"},\"sameAs\":[\"https:\\\/\\\/x.com\\\/Laszlo__Photo\"]}]}<\/script>\n<!-- \/ Yoast SEO plugin. -->","yoast_head_json":{"title":"Kontakt - L\u00e1szl\u00f3 K\u00f6szeghy - Photographer - Vienna","description":"Kontakt zu Laszlo K\u00f6szeghy aufnehmen. Fotografie, Wien.","robots":{"index":"index","follow":"follow","max-snippet":"max-snippet:-1","max-image-preview":"max-image-preview:large","max-video-preview":"max-video-preview:-1"},"canonical":"https:\/\/www.laszlo-photo.com\/photography\/kontakt\/","og_locale":"de_DE","og_type":"article","og_title":"Kontakt - L\u00e1szl\u00f3 K\u00f6szeghy - Photographer - Vienna","og_description":"Kontakt zu Laszlo K\u00f6szeghy aufnehmen. Fotografie, Wien.","og_url":"https:\/\/www.laszlo-photo.com\/photography\/kontakt\/","og_site_name":"L\u00e1szl\u00f3 K\u00f6szeghy - Photographer - Vienna","article_modified_time":"2019-05-12T01:52:51+00:00","og_image":[{"width":1350,"height":675,"url":"https:\/\/www.laszlo-photo.com\/photography\/wp-content\/uploads\/2019\/05\/unsplash-contact-e1557623978870.jpg","type":"image\/jpeg"}],"twitter_card":"summary_large_image","twitter_site":"@Laszlo__Photo","twitter_misc":{"Gesch\u00e4tzte Lesezeit":"1\u00a0Minute"},"schema":{"@context":"https:\/\/schema.org","@graph":[{"@type":"WebPage","@id":"https:\/\/www.laszlo-photo.com\/photography\/kontakt\/","url":"https:\/\/www.laszlo-photo.com\/photography\/kontakt\/","name":"Kontakt - L\u00e1szl\u00f3 K\u00f6szeghy - Photographer - Vienna","isPartOf":{"@id":"https:\/\/www.laszlo-photo.com\/photography\/#website"},"primaryImageOfPage":{"@id":"https:\/\/www.laszlo-photo.com\/photography\/kontakt\/#primaryimage"},"image":{"@id":"https:\/\/www.laszlo-photo.com\/photography\/kontakt\/#primaryimage"},"thumbnailUrl":"https:\/\/www.laszlo-photo.com\/photography\/wp-content\/uploads\/2019\/05\/unsplash-contact-e1557623978870.jpg","datePublished":"2010-12-11T19:39:14+00:00","dateModified":"2019-05-12T01:52:51+00:00","description":"Kontakt zu Laszlo K\u00f6szeghy aufnehmen. Fotografie, Wien.","inLanguage":"de","potentialAction":[{"@type":"ReadAction","target":["https:\/\/www.laszlo-photo.com\/photography\/kontakt\/"]}]},{"@type":"ImageObject","inLanguage":"de","@id":"https:\/\/www.laszlo-photo.com\/photography\/kontakt\/#primaryimage","url":"https:\/\/www.laszlo-photo.com\/photography\/wp-content\/uploads\/2019\/05\/unsplash-contact-e1557623978870.jpg","contentUrl":"https:\/\/www.laszlo-photo.com\/photography\/wp-content\/uploads\/2019\/05\/unsplash-contact-e1557623978870.jpg","width":1350,"height":675},{"@type":"WebSite","@id":"https:\/\/www.laszlo-photo.com\/photography\/#website","url":"https:\/\/www.laszlo-photo.com\/photography\/","name":"L\u00e1szl\u00f3 K\u00f6szeghy - Photographer - Vienna","description":"People - Wedding - Travel - Events - Sports","publisher":{"@id":"https:\/\/www.laszlo-photo.com\/photography\/#organization"},"potentialAction":[{"@type":"SearchAction","target":{"@type":"EntryPoint","urlTemplate":"https:\/\/www.laszlo-photo.com\/photography\/?s={search_term_string}"},"query-input":{"@type":"PropertyValueSpecification","valueRequired":true,"valueName":"search_term_string"}}],"inLanguage":"de"},{"@type":"Organization","@id":"https:\/\/www.laszlo-photo.com\/photography\/#organization","name":"L\u00e1szl\u00f3 K\u00f6szeghy - Photographer - Vienna","url":"https:\/\/www.laszlo-photo.com\/photography\/","logo":{"@type":"ImageObject","inLanguage":"de","@id":"https:\/\/www.laszlo-photo.com\/photography\/#\/schema\/logo\/image\/","url":"https:\/\/www.laszlo-photo.com\/photography\/wp-content\/uploads\/2019\/04\/LK_Logo2014_transp_680x180.png","contentUrl":"https:\/\/www.laszlo-photo.com\/photography\/wp-content\/uploads\/2019\/04\/LK_Logo2014_transp_680x180.png","width":680,"height":180,"caption":"L\u00e1szl\u00f3 K\u00f6szeghy - Photographer - Vienna"},"image":{"@id":"https:\/\/www.laszlo-photo.com\/photography\/#\/schema\/logo\/image\/"},"sameAs":["https:\/\/x.com\/Laszlo__Photo"]}]}},"_links":{"self":[{"href":"https:\/\/www.laszlo-photo.com\/photography\/wp-json\/wp\/v2\/pages\/2","targetHints":{"allow":["GET"]}}],"collection":[{"href":"https:\/\/www.laszlo-photo.com\/photography\/wp-json\/wp\/v2\/pages"}],"about":[{"href":"https:\/\/www.laszlo-photo.com\/photography\/wp-json\/wp\/v2\/types\/page"}],"author":[{"embeddable":true,"href":"https:\/\/www.laszlo-photo.com\/photography\/wp-json\/wp\/v2\/users\/2"}],"replies":[{"embeddable":true,"href":"https:\/\/www.laszlo-photo.com\/photography\/wp-json\/wp\/v2\/comments?post=2"}],"version-history":[{"count":0,"href":"https:\/\/www.laszlo-photo.com\/photography\/wp-json\/wp\/v2\/pages\/2\/revisions"}],"wp:featuredmedia":[{"embeddable":true,"href":"https:\/\/www.laszlo-photo.com\/photography\/wp-json\/wp\/v2\/media\/17513"}],"wp:attachment":[{"href":"https:\/\/www.laszlo-photo.com\/photography\/wp-json\/wp\/v2\/media?parent=2"}],"curies":[{"name":"wp","href":"https:\/\/api.w.org\/{rel}","templated":true}]}}